{"id":4,"date":"2023-04-11T09:03:44","date_gmt":"2023-04-11T09:03:44","guid":{"rendered":"http:\/\/www.fewokraft.de\/?page_id=4"},"modified":"2023-04-11T13:21:01","modified_gmt":"2023-04-11T13:21:01","slug":"willkommen-auf-http-www-fewokraft-de","status":"publish","type":"page","link":"https:\/\/www.fewokraft.de\/","title":{"rendered":"Kis Kast\u00e8ly"},"content":{"rendered":"\n<figure class=\"wp-block-image size-large\"><img loading=\"lazy\" decoding=\"async\" width=\"1024\" height=\"768\" src=\"http:\/\/www.fewokraft.de\/wp-content\/uploads\/2023\/04\/Startseite-1024x768.jpg\" alt=\"\" class=\"wp-image-7\" srcset=\"https:\/\/www.fewokraft.de\/wp-content\/uploads\/2023\/04\/Startseite-1024x768.jpg 1024w, https:\/\/www.fewokraft.de\/wp-content\/uploads\/2023\/04\/Startseite-300x225.jpg 300w, https:\/\/www.fewokraft.de\/wp-content\/uploads\/2023\/04\/Startseite-768x576.jpg 768w, https:\/\/www.fewokraft.de\/wp-content\/uploads\/2023\/04\/Startseite-1536x1152.jpg 1536w, https:\/\/www.fewokraft.de\/wp-content\/uploads\/2023\/04\/Startseite-2048x1536.jpg 2048w, https:\/\/www.fewokraft.de\/wp-content\/uploads\/2023\/04\/Startseite-960x720.jpg 960w\" sizes=\"auto, (max-width: 1024px) 100vw, 1024px\" \/><\/figure>\n\n\n\n<p><strong><mark style=\"background-color:rgba(0, 0, 0, 0)\" class=\"has-inline-color has-vivid-red-color\">Diese Webseite befindet sich gerade in Aufbau. F\u00fcr Fragen oder Resevierungen wenden Sie sich bitte per E-Mail an info@fewokraft.de <\/mark><\/strong><\/p>\n\n\n\n<p>Aus welchem Winkel der Welt Sie auch kommen, hier finden Sie eine der sch\u00f6nsten Landschaften Ungarns und unser Ferienhaus \"KIS KASTELY\" dieses mediterrane Ferienhaus wurde im Jahr 2003 neu gebaut und liegt im Herzen des Zalatales in Westungarn, nur ca. 500m vom Kehida- Thermal- und Freizeitbad, ca. 12km von H\u00e9viz und ca. 19km vom Balaton entfernt.<\/p>\n\n\n\n<p>In dem Ferienhaus befinden sich die Wohnung Tihany mit Duschbad und Terrasse, die Wohnungen Kehida und Kust\u00e1ny mit Eckwannenbad und Balkon, f\u00fcr bis 4 Personen.<br>Alle Schlafzimmer mit Doppelbett und im Wohnbereich eine ausziehbare Schlafcouch f\u00fcr die 3. u. 4.Person, in den Wohnungen Kehida und Kust\u00e1ny ein zus\u00e4tzlicher Schlafboden mit Doppelbett. Alle Wohnungen sind modern eingerichtet mit Wohnzimmer, K\u00fcche und Essgruppe in einem.<\/p>\n\n\n\n<p>Alle K\u00fcchen mit vierfach Ceranfeld, Backofen, K\u00fchlschrank mit Gefrierfach, Mikrowelle, Kaffeemaschine, Sp\u00fclmaschine, Wasserkocher, Toaster und den \u00fcblichen K\u00fcchenutensilien.<\/p>\n\n\n\n<p>Zu Ihrer Sicherheit sind alle Wohnungen mit einem M\u00f6beltresor und die Wohn- und Schlafr\u00e4ume mit Rauchmelder ausgestattet.<br>Unber\u00fchrte Natur, sanfte H\u00fcgel, W\u00e4lder, Teiche und B\u00e4che und die Gastfreundschaft der Ungarn warten hier auf Sie. Kehidakust\u00e1ny ist ein ungarisches Dorf, gelegen an den Ufern der Zala inmitten von Waldbedeckten H\u00fcgeln und Weinbergen. Von Osten und Westen grenzt die Zalaer H\u00fcgellandschaft das Tal der Zala ein. Wer gerne die \"Strapazen\" einer Wanderung in den \"Bergen\" auf sich nimmt, wird daf\u00fcr von einem wundersch\u00f6nen Panorama entsch\u00e4digt, bei klarer Sicht kann man 50 bis 100km weit in das Umland sehen.<\/p>\n\n\n\n<p>Seien Sie unser Gast und genie\u00dfen Sie den Aufenthalt in unserm Ferienhaus nach dem Motto von \"KIS KASTELY\"<\/p>\n","protected":false},"excerpt":{"rendered":"<p>Diese Webseite befindet sich gerade in Aufbau. F\u00fcr Fragen oder Resevierungen wenden Sie sich bitte per E-Mail an info@fewokraft.de Aus welchem Winkel der Welt Sie auch kommen, hier finden Sie eine der sch\u00f6nsten Landschaften Ungarns und unser Ferienhaus \"KIS KASTELY\" dieses mediterrane Ferienhaus wurde im Jahr 2003 neu gebaut und liegt im Herzen des Zalatales <a href=\"https:\/\/www.fewokraft.de\/\" class=\"more-link\">...weiterlesen<span class=\"screen-reader-text\"> \"Kis Kast\u00e8ly\"<\/span><\/a><\/p>\n","protected":false},"author":1,"featured_media":0,"parent":0,"menu_order":0,"comment_status":"closed","ping_status":"open","template":"page-templates\/full-width.php","meta":{"footnotes":""},"class_list":["post-4","page","type-page","status-publish","h-entry","hentry","h-as-page"],"_links":{"self":[{"href":"https:\/\/www.fewokraft.de\/index.php?rest_route=\/wp\/v2\/pages\/4","targetHints":{"allow":["GET"]}}],"collection":[{"href":"https:\/\/www.fewokraft.de\/index.php?rest_route=\/wp\/v2\/pages"}],"about":[{"href":"https:\/\/www.fewokraft.de\/index.php?rest_route=\/wp\/v2\/types\/page"}],"author":[{"embeddable":true,"href":"https:\/\/www.fewokraft.de\/index.php?rest_route=\/wp\/v2\/users\/1"}],"replies":[{"embeddable":true,"href":"https:\/\/www.fewokraft.de\/index.php?rest_route=%2Fwp%2Fv2%2Fcomments&post=4"}],"version-history":[{"count":4,"href":"https:\/\/www.fewokraft.de\/index.php?rest_route=\/wp\/v2\/pages\/4\/revisions"}],"predecessor-version":[{"id":27,"href":"https:\/\/www.fewokraft.de\/index.php?rest_route=\/wp\/v2\/pages\/4\/revisions\/27"}],"wp:attachment":[{"href":"https:\/\/www.fewokraft.de\/index.php?rest_route=%2Fwp%2Fv2%2Fmedia&parent=4"}],"curies":[{"name":"wp","href":"https:\/\/api.w.org\/{rel}","templated":true}]}}