{"id":16,"date":"2023-04-11T12:28:55","date_gmt":"2023-04-11T12:28:55","guid":{"rendered":"http:\/\/www.fewokraft.de\/?page_id=16"},"modified":"2023-04-11T12:46:04","modified_gmt":"2023-04-11T12:46:04","slug":"wohungen","status":"publish","type":"page","link":"https:\/\/www.fewokraft.de\/?page_id=16","title":{"rendered":"Wohungen"},"content":{"rendered":"\n<p>Ferienhaus mit 3 Wohnungen (freistehend)<\/p>\n\n\n\n<figure class=\"wp-block-image size-large\"><img loading=\"lazy\" decoding=\"async\" width=\"1024\" height=\"398\" src=\"http:\/\/www.fewokraft.de\/wp-content\/uploads\/2023\/04\/Kis-Kastely-Wohnungen-1024x398.png\" alt=\"\" class=\"wp-image-18\" srcset=\"https:\/\/www.fewokraft.de\/wp-content\/uploads\/2023\/04\/Kis-Kastely-Wohnungen-1024x398.png 1024w, https:\/\/www.fewokraft.de\/wp-content\/uploads\/2023\/04\/Kis-Kastely-Wohnungen-300x116.png 300w, https:\/\/www.fewokraft.de\/wp-content\/uploads\/2023\/04\/Kis-Kastely-Wohnungen-768x298.png 768w, https:\/\/www.fewokraft.de\/wp-content\/uploads\/2023\/04\/Kis-Kastely-Wohnungen-960x373.png 960w, https:\/\/www.fewokraft.de\/wp-content\/uploads\/2023\/04\/Kis-Kastely-Wohnungen.png 1458w\" sizes=\"auto, (max-width: 1024px) 100vw, 1024px\" \/><\/figure>\n\n\n\n<p>Aufteilung der Appartements<\/p>\n\n\n\n<hr class=\"wp-block-separator has-alpha-channel-opacity\"\/>\n\n\n\n<p><strong>Verpflegungsart:<\/strong> Selbstverpflegung<\/p>\n\n\n\n<hr class=\"wp-block-separator has-alpha-channel-opacity\"\/>\n\n\n\n<p><strong>Wohnfl\u00e4che:<\/strong> 187 m\u00b2 gesamt<\/p>\n\n\n\n<hr class=\"wp-block-separator has-alpha-channel-opacity\"\/>\n\n\n\n<p><strong>Ortstyp:<\/strong> im Ferienort, auf dem Land<\/p>\n\n\n\n<hr class=\"wp-block-separator has-alpha-channel-opacity\"\/>\n\n\n\n<p><strong>Urlaubsmotto:<\/strong> Familien freundliche Unterk\u00fcnfte, Ruhe und Erholung<\/p>\n\n\n\n<hr class=\"wp-block-separator has-alpha-channel-opacity\"\/>\n\n\n\n<p><strong>Allgemeines:<\/strong><\/p>\n\n\n\n<div class=\"wp-block-columns is-layout-flex wp-container-core-columns-is-layout-9d6595d7 wp-block-columns-is-layout-flex\">\n<div class=\"wp-block-column is-layout-flow wp-block-column-is-layout-flow\">\n<ul class=\"wp-block-list\">\n<li>Freizeitf\u00fchrer der Region<\/li>\n\n\n\n<li>Umgebungskarte<\/li>\n\n\n\n<li>Massage<\/li>\n\n\n\n<li>Bettw\u00e4sche<\/li>\n\n\n\n<li>Handt\u00fccher<\/li>\n<\/ul>\n<\/div>\n\n\n\n<div class=\"wp-block-column is-layout-flow wp-block-column-is-layout-flow\">\n<ul class=\"wp-block-list\">\n<li>Zentralheizung<\/li>\n\n\n\n<li>Feuerholz<\/li>\n\n\n\n<li>Sicherheitssystem<\/li>\n\n\n\n<li>Safe<\/li>\n\n\n\n<li>Klimaanlage (gegen Geb\u00fchr)<\/li>\n<\/ul>\n<\/div>\n\n\n\n<div class=\"wp-block-column is-layout-flow wp-block-column-is-layout-flow\">\n<ul class=\"wp-block-list\">\n<li>F\u00f6n<\/li>\n\n\n\n<li>Seife<\/li>\n\n\n\n<li>Waschpulver<\/li>\n\n\n\n<li>K\u00fcchenrolle<\/li>\n\n\n\n<li>Waschmaschine (gegen Geb\u00fchr)<\/li>\n\n\n\n<li>Trockner (gegen Geb\u00fchr)<\/li>\n<\/ul>\n<\/div>\n<\/div>\n\n\n\n<hr class=\"wp-block-separator has-alpha-channel-opacity\"\/>\n\n\n\n<p><strong>K\u00fcche:<\/strong><\/p>\n\n\n\n<div class=\"wp-block-columns is-layout-flex wp-container-core-columns-is-layout-9d6595d7 wp-block-columns-is-layout-flex\">\n<div class=\"wp-block-column is-layout-flow wp-block-column-is-layout-flow\">\n<ul class=\"wp-block-list\">\n<li>Kaffeemaschine<\/li>\n\n\n\n<li>Toaster<\/li>\n\n\n\n<li>Wasserkocher<\/li>\n\n\n\n<li>Mixer<\/li>\n<\/ul>\n<\/div>\n\n\n\n<div class=\"wp-block-column is-layout-flow wp-block-column-is-layout-flow\">\n<ul class=\"wp-block-list\">\n<li>Kochfeld<\/li>\n\n\n\n<li>Backofen<\/li>\n\n\n\n<li>K\u00fchlschrank mit Gefrierfach<\/li>\n\n\n\n<li>Geschirrsp\u00fclmaschine<\/li>\n<\/ul>\n<\/div>\n\n\n\n<div class=\"wp-block-column is-layout-flow wp-block-column-is-layout-flow\">\n<ul class=\"wp-block-list\">\n<li>Mikrowelle<\/li>\n\n\n\n<li>Kochutensilien<\/li>\n\n\n\n<li>Gew\u00fcrze<\/li>\n<\/ul>\n<\/div>\n<\/div>\n\n\n\n<hr class=\"wp-block-separator has-alpha-channel-opacity\"\/>\n\n\n\n<p><strong>Wohnzimmer:<\/strong><\/p>\n\n\n\n<ul class=\"wp-block-list\">\n<li>Schlafsofa f\u00fcr die 3. und 4. Person<\/li>\n\n\n\n<li>Bequeme Sitzgelegenheiten f\u00fcr 6 Personen<\/li>\n<\/ul>\n\n\n\n<hr class=\"wp-block-separator has-alpha-channel-opacity\"\/>\n\n\n\n<p><strong><strong>Essgelegenheit:<\/strong><\/strong><\/p>\n\n\n\n<ul class=\"wp-block-list\">\n<li>Essbereich, Sitzm\u00f6glichkeit f\u00fcr 6 Personen<\/li>\n<\/ul>\n\n\n\n<hr class=\"wp-block-separator has-alpha-channel-opacity\"\/>\n\n\n\n<p><strong>Badezimmer:<\/strong><\/p>\n\n\n\n<ul class=\"wp-block-list\">\n<li>Tihany - mit Dusche und WC<\/li>\n\n\n\n<li>Kehida - mit Eckbadewanne und WC<\/li>\n\n\n\n<li>Kust\u00e1ny - mit Eckbadewanne und WC<\/li>\n<\/ul>\n\n\n\n<hr class=\"wp-block-separator has-alpha-channel-opacity\"\/>\n\n\n\n<p><strong>Schlafzimmer:<\/strong><\/p>\n\n\n\n<div class=\"wp-block-columns is-layout-flex wp-container-core-columns-is-layout-9d6595d7 wp-block-columns-is-layout-flex\">\n<div class=\"wp-block-column is-layout-flow wp-block-column-is-layout-flow\">\n<p><strong>Tihany<\/strong><\/p>\n\n\n\n<ul class=\"wp-block-list\">\n<li>Doppelbett<br>180x200cm<\/li>\n<\/ul>\n<\/div>\n\n\n\n<div class=\"wp-block-column is-layout-flow wp-block-column-is-layout-flow\">\n<p><strong>Kehida<\/strong><\/p>\n\n\n\n<ul class=\"wp-block-list\">\n<li>Doppelbett<br>180x200cm<\/li>\n\n\n\n<li>Schlafboden<br>mit Doppelbett<br>180x200cm<\/li>\n<\/ul>\n<\/div>\n\n\n\n<div class=\"wp-block-column is-layout-flow wp-block-column-is-layout-flow\">\n<p><strong>Kust\u00e1ny<\/strong><\/p>\n\n\n\n<ul class=\"wp-block-list\">\n<li>Doppelbett<br>180x200cm<\/li>\n\n\n\n<li>Schlafboden<br>mit Doppelbett<br>180x200cm<\/li>\n<\/ul>\n<\/div>\n<\/div>\n\n\n\n<ul class=\"wp-block-list\">\n<li>Schlafb\u00f6den (H\u00f6he 126cm) \u00fcber dem Wohnbereich, f\u00fcr Gehbehinderte Menschen nur bedingt geeignet,<br>bei Jung und Jung gebliebene jedoch sehr beliebt.<\/li>\n\n\n\n<li>Die Matratzen sind im Format 90x200cm.<\/li>\n\n\n\n<li>Ein Kinderreisebett ist vorhanden, bei Mietabschluss bitte anmelden.<\/li>\n\n\n\n<li>Bettw\u00e4sche ist im Mietpreis enthalten, im Mietpreis ist kein W\u00e4schewechsel enthalten.<br>Die W\u00e4sche kann jedoch im Haus, gegen Geb\u00fchr) gewaschen werden<\/li>\n<\/ul>\n\n\n\n<hr class=\"wp-block-separator has-alpha-channel-opacity\"\/>\n\n\n\n<p><strong><strong>Unterhaltung<\/strong>:<\/strong><\/p>\n\n\n\n<div class=\"wp-block-columns is-layout-flex wp-container-core-columns-is-layout-9d6595d7 wp-block-columns-is-layout-flex\">\n<div class=\"wp-block-column is-layout-flow wp-block-column-is-layout-flow\">\n<ul class=\"wp-block-list\">\n<li>Fernseher<\/li>\n\n\n\n<li>Satelitten-TV<\/li>\n\n\n\n<li>Radio<\/li>\n<\/ul>\n<\/div>\n\n\n\n<div class=\"wp-block-column is-layout-flow wp-block-column-is-layout-flow\">\n<ul class=\"wp-block-list\">\n<li>B\u00fccher<\/li>\n\n\n\n<li>Erwachsenenb\u00fccher<\/li>\n\n\n\n<li>Kinderb\u00fccher<\/li>\n<\/ul>\n<\/div>\n\n\n\n<div class=\"wp-block-column is-layout-flow wp-block-column-is-layout-flow\">\n<ul class=\"wp-block-list\">\n<li>Brettspiele f\u00fcr Erwachsene<\/li>\n\n\n\n<li>Brettspiele f\u00fcr Kinder<\/li>\n\n\n\n<li>Kinderspielzeug<\/li>\n<\/ul>\n<\/div>\n<\/div>\n\n\n\n<hr class=\"wp-block-separator has-alpha-channel-opacity\"\/>\n\n\n\n<p><strong><strong>Internetzugang:<\/strong><\/strong><\/p>\n\n\n\n<ul class=\"wp-block-list\">\n<li>Internet-Anschluss&nbsp; (per Kabel oder W-Lan m\u00f6glich)<\/li>\n<\/ul>\n\n\n\n<hr class=\"wp-block-separator has-alpha-channel-opacity\"\/>\n\n\n\n<p><strong>Au\u00dfenbereich:<\/strong><\/p>\n\n\n\n<div class=\"wp-block-columns is-layout-flex wp-container-core-columns-is-layout-9d6595d7 wp-block-columns-is-layout-flex\">\n<div class=\"wp-block-column is-layout-flow wp-block-column-is-layout-flow\">\n<ul class=\"wp-block-list\">\n<li>Holzkohlegrill<\/li>\n\n\n\n<li>Elektrogrill<\/li>\n\n\n\n<li>Schaukel<\/li>\n<\/ul>\n<\/div>\n\n\n\n<div class=\"wp-block-column is-layout-flow wp-block-column-is-layout-flow\">\n<ul class=\"wp-block-list\">\n<li>Parkm\u00f6glichkeit am Grundst\u00fcck<\/li>\n\n\n\n<li>Terrasse<\/li>\n\n\n\n<li>Balkon<\/li>\n<\/ul>\n<\/div>\n\n\n\n<div class=\"wp-block-column is-layout-flow wp-block-column-is-layout-flow\">\n<ul class=\"wp-block-list\">\n<li>Garten<\/li>\n\n\n\n<li>8 Gartenst\u00fchle<\/li>\n\n\n\n<li>8 Liegest\u00fchle<\/li>\n\n\n\n<li>2 Gartenlauben<\/li>\n<\/ul>\n<\/div>\n<\/div>\n\n\n\n<hr class=\"wp-block-separator has-alpha-channel-opacity\"\/>\n\n\n\n<p><strong><strong>Geeignet f\u00fcr:<\/strong><\/strong><\/p>\n\n\n\n<div class=\"wp-block-columns is-layout-flex wp-container-core-columns-is-layout-9d6595d7 wp-block-columns-is-layout-flex\">\n<div class=\"wp-block-column is-layout-flow wp-block-column-is-layout-flow\">\n<ul class=\"wp-block-list\">\n<li>Geeignet f\u00fcr Senioren<\/li>\n\n\n\n<li>Geeignet f\u00fcr Familien mit\/ohne Kinder<\/li>\n\n\n\n<li>Nichtraucherdomizil<\/li>\n<\/ul>\n<\/div>\n\n\n\n<div class=\"wp-block-column is-layout-flow wp-block-column-is-layout-flow\">\n<ul class=\"wp-block-list\">\n<li>Langzeitmieter willkommen<\/li>\n\n\n\n<li>Haustiere nur auf Anfrage<\/li>\n<\/ul>\n<\/div>\n<\/div>\n\n\n\n<hr class=\"wp-block-separator has-alpha-channel-opacity\"\/>\n\n\n\n<p><strong><strong>Sportm\u00f6glichkeiten vor Ort:<\/strong><\/strong><\/p>\n\n\n\n<div class=\"wp-block-columns is-layout-flex wp-container-core-columns-is-layout-9d6595d7 wp-block-columns-is-layout-flex\">\n<div class=\"wp-block-column is-layout-flow wp-block-column-is-layout-flow\">\n<ul class=\"wp-block-list\">\n<li>Baden<\/li>\n\n\n\n<li>Tennis<\/li>\n\n\n\n<li>Wandern<\/li>\n<\/ul>\n<\/div>\n\n\n\n<div class=\"wp-block-column is-layout-flow wp-block-column-is-layout-flow\">\n<ul class=\"wp-block-list\">\n<li>Angeln<\/li>\n\n\n\n<li>Reiten<\/li>\n\n\n\n<li>Golf<\/li>\n<\/ul>\n<\/div>\n\n\n\n<div class=\"wp-block-column is-layout-flow wp-block-column-is-layout-flow\">\n<ul class=\"wp-block-list\">\n<li>Mountainbiking<\/li>\n\n\n\n<li>Fahrradfahren<\/li>\n\n\n\n<li>Segeln<\/li>\n<\/ul>\n<\/div>\n<\/div>\n\n\n\n<hr class=\"wp-block-separator has-alpha-channel-opacity\"\/>\n\n\n\n<p><strong>Attraktionen<\/strong>:<\/p>\n\n\n\n<div class=\"wp-block-columns is-layout-flex wp-container-core-columns-is-layout-9d6595d7 wp-block-columns-is-layout-flex\">\n<div class=\"wp-block-column is-layout-flow wp-block-column-is-layout-flow\">\n<ul class=\"wp-block-list\">\n<li>Wald<\/li>\n\n\n\n<li>H\u00f6hlen<\/li>\n<\/ul>\n<\/div>\n\n\n\n<div class=\"wp-block-column is-layout-flow wp-block-column-is-layout-flow\">\n<ul class=\"wp-block-list\">\n<li>Kirchen<\/li>\n\n\n\n<li>Museen<\/li>\n<\/ul>\n<\/div>\n\n\n\n<div class=\"wp-block-column is-layout-flow wp-block-column-is-layout-flow\">\n<ul class=\"wp-block-list\">\n<li>Reit-Veranstaltungen<\/li>\n\n\n\n<li>Erholungszentrum<\/li>\n<\/ul>\n<\/div>\n<\/div>\n\n\n\n<hr class=\"wp-block-separator has-alpha-channel-opacity\"\/>\n\n\n\n<p><strong>Freizeitm\u00f6glichkeiten:<\/strong><\/p>\n\n\n\n<div class=\"wp-block-columns is-layout-flex wp-container-core-columns-is-layout-9d6595d7 wp-block-columns-is-layout-flex\">\n<div class=\"wp-block-column is-layout-flow wp-block-column-is-layout-flow\">\n<ul class=\"wp-block-list\">\n<li>Segeln<\/li>\n\n\n\n<li>Paddelbootfahren<\/li>\n\n\n\n<li>Tretboot fahren<\/li>\n<\/ul>\n<\/div>\n\n\n\n<div class=\"wp-block-column is-layout-flow wp-block-column-is-layout-flow\">\n<ul class=\"wp-block-list\">\n<li>V\u00f6gel beobachten<\/li>\n\n\n\n<li>Strandurlaub<\/li>\n\n\n\n<li>Radfahren<\/li>\n<\/ul>\n<\/div>\n\n\n\n<div class=\"wp-block-column is-layout-flow wp-block-column-is-layout-flow\">\n<ul class=\"wp-block-list\">\n<li>Jagen<\/li>\n\n\n\n<li>Binnenfischen<\/li>\n\n\n\n<li>Angeln<\/li>\n<\/ul>\n<\/div>\n<\/div>\n\n\n\n<hr class=\"wp-block-separator has-alpha-channel-opacity\"\/>\n\n\n\n<p><strong><strong>Nahe gelegene Ausflugsm\u00f6glichkeiten:<\/strong><\/strong><\/p>\n\n\n\n<div class=\"wp-block-columns is-layout-flex wp-container-core-columns-is-layout-9d6595d7 wp-block-columns-is-layout-flex\">\n<div class=\"wp-block-column is-layout-flow wp-block-column-is-layout-flow\">\n<ul class=\"wp-block-list\">\n<li>Restaurants<\/li>\n\n\n\n<li>Weinverkostungen<\/li>\n<\/ul>\n<\/div>\n\n\n\n<div class=\"wp-block-column is-layout-flow wp-block-column-is-layout-flow\">\n<ul class=\"wp-block-list\">\n<li>Ruinen<\/li>\n<\/ul>\n<\/div>\n\n\n\n<div class=\"wp-block-column is-layout-flow wp-block-column-is-layout-flow\">\n<ul class=\"wp-block-list\">\n<li>Ausflugsfahrten per Auto<\/li>\n\n\n\n<li>Ausfl\u00fcge per Rad<\/li>\n<\/ul>\n<\/div>\n<\/div>\n\n\n\n<hr class=\"wp-block-separator has-alpha-channel-opacity\"\/>\n\n\n\n<p><strong>Dienstleistungsangebote im Haus:<\/strong><\/p>\n\n\n\n<ul class=\"wp-block-list\">\n<li>Masseur\/Physiotherapeut, auf Wunsch in der eigenen Wohnung m\u00f6glich<\/li>\n<\/ul>\n\n\n\n<hr class=\"wp-block-separator has-alpha-channel-opacity\"\/>\n\n\n\n<p><strong>Weitere Informationen zum Ferienhaus Kis Kast\u00e9ly<\/strong><\/p>\n\n\n\n<p><strong>Anreise<\/strong><\/p>\n\n\n\n<p>Die Anreise per Auto ist wie folgt m\u00f6glich: (Sie erhalten bei Buchung eine Wegbeschreibung)<\/p>\n\n\n\n<ul class=\"wp-block-list\">\n<li>ab Passau \u00fcber die Autobahn Richtung WIEN, am Knoten Steinh\u00e4usle \u00fcber die A21 Richtung UNGARN, ab der Grenze Klingenbach \/ Sopron der N84 Richtung BALATON folgen.<\/li>\n\n\n\n<li>ab Passau \u00fcber die Autobahn Richtung WIEN, am Kreuz LINZ der A9 Richtung GRAZ folgen, zus\u00e4tzliche Mautzahlung f\u00fcr 2 Tunnels a. 10km, ab GRAZ in Richtung Wien bis ILZ dann der B319 und N76 Richtung Balaton folgen.<\/li>\n<\/ul>\n\n\n\n<p>Die Anreise per Flugzeug ist wie folgt m\u00f6glich:<\/p>\n\n\n\n<ul class=\"wp-block-list\">\n<li>Charter-Direktfl\u00fcge zum Fly-Balaton Flughafen sind mit der Lufthansa, aus Frankfurt, D\u00fcsseldorf, Hamburg und Berlin, von April bis Oktober, m\u00f6glich.<\/li>\n\n\n\n<li>Eine Anreise per Flugzeug ist auch nach WIEN, GRAZ oder BUDAPEST m\u00f6glich.<\/li>\n<\/ul>\n\n\n<div class=\"wp-block-image\">\n<figure class=\"aligncenter size-full is-resized\"><img loading=\"lazy\" decoding=\"async\" src=\"http:\/\/www.fewokraft.de\/wp-content\/uploads\/2023\/04\/kehida_straenkarte.png\" alt=\"\" class=\"wp-image-21\" width=\"489\" height=\"425\" srcset=\"https:\/\/www.fewokraft.de\/wp-content\/uploads\/2023\/04\/kehida_straenkarte.png 520w, https:\/\/www.fewokraft.de\/wp-content\/uploads\/2023\/04\/kehida_straenkarte-300x261.png 300w\" sizes=\"auto, (max-width: 489px) 100vw, 489px\" \/><\/figure>\n<\/div>\n\n\n<hr class=\"wp-block-separator has-alpha-channel-opacity\"\/>\n\n\n\n<div class=\"wp-block-media-text alignwide is-stacked-on-mobile\"><figure class=\"wp-block-media-text__media\"><img loading=\"lazy\" decoding=\"async\" width=\"359\" height=\"471\" src=\"http:\/\/www.fewokraft.de\/wp-content\/uploads\/2023\/04\/Bcherschrank.jpg\" alt=\"\" class=\"wp-image-19 size-full\" srcset=\"https:\/\/www.fewokraft.de\/wp-content\/uploads\/2023\/04\/Bcherschrank.jpg 359w, https:\/\/www.fewokraft.de\/wp-content\/uploads\/2023\/04\/Bcherschrank-229x300.jpg 229w\" sizes=\"auto, (max-width: 359px) 100vw, 359px\" \/><\/figure><div class=\"wp-block-media-text__content\">\n<p>Treppenhaus mit B\u00fccherschrank<\/p>\n<\/div><\/div>\n\n\n\n<div class=\"wp-block-media-text alignwide is-stacked-on-mobile\"><figure class=\"wp-block-media-text__media\"><img loading=\"lazy\" decoding=\"async\" width=\"517\" height=\"392\" src=\"http:\/\/www.fewokraft.de\/wp-content\/uploads\/2023\/04\/bersichtskarte.jpg\" alt=\"\" class=\"wp-image-20 size-full\" srcset=\"https:\/\/www.fewokraft.de\/wp-content\/uploads\/2023\/04\/bersichtskarte.jpg 517w, https:\/\/www.fewokraft.de\/wp-content\/uploads\/2023\/04\/bersichtskarte-300x227.jpg 300w\" sizes=\"auto, (max-width: 517px) 100vw, 517px\" \/><\/figure><div class=\"wp-block-media-text__content\">\n<p>\u00dcbersichtskarte der Region Westbalaton mit Markierung der Ausflugsm\u00f6glichkeiten und Restaurants<\/p>\n\n\n\n<h4 class=\"wp-block-heading\">&nbsp;<\/h4>\n<\/div><\/div>\n","protected":false},"excerpt":{"rendered":"<p>Ferienhaus mit 3 Wohnungen (freistehend) Aufteilung der Appartements Verpflegungsart: Selbstverpflegung Wohnfl\u00e4che: 187 m\u00b2 gesamt Ortstyp: im Ferienort, auf dem Land Urlaubsmotto: Familien freundliche Unterk\u00fcnfte, Ruhe und Erholung Allgemeines: K\u00fcche: Wohnzimmer: Essgelegenheit: Badezimmer: Schlafzimmer: Tihany Kehida Kust\u00e1ny Unterhaltung: Internetzugang: Au\u00dfenbereich: Geeignet f\u00fcr: Sportm\u00f6glichkeiten vor Ort: Attraktionen: Freizeitm\u00f6glichkeiten: Nahe gelegene Ausflugsm\u00f6glichkeiten: Dienstleistungsangebote im Haus: Weitere Informationen zum <a href=\"https:\/\/www.fewokraft.de\/?page_id=16\" class=\"more-link\">...weiterlesen<span class=\"screen-reader-text\"> \"Wohungen\"<\/span><\/a><\/p>\n","protected":false},"author":1,"featured_media":0,"parent":0,"menu_order":0,"comment_status":"closed","ping_status":"closed","template":"","meta":{"footnotes":""},"class_list":["post-16","page","type-page","status-publish","h-entry","hentry","h-as-page"],"_links":{"self":[{"href":"https:\/\/www.fewokraft.de\/index.php?rest_route=\/wp\/v2\/pages\/16","targetHints":{"allow":["GET"]}}],"collection":[{"href":"https:\/\/www.fewokraft.de\/index.php?rest_route=\/wp\/v2\/pages"}],"about":[{"href":"https:\/\/www.fewokraft.de\/index.php?rest_route=\/wp\/v2\/types\/page"}],"author":[{"embeddable":true,"href":"https:\/\/www.fewokraft.de\/index.php?rest_route=\/wp\/v2\/users\/1"}],"replies":[{"embeddable":true,"href":"https:\/\/www.fewokraft.de\/index.php?rest_route=%2Fwp%2Fv2%2Fcomments&post=16"}],"version-history":[{"count":3,"href":"https:\/\/www.fewokraft.de\/index.php?rest_route=\/wp\/v2\/pages\/16\/revisions"}],"predecessor-version":[{"id":30,"href":"https:\/\/www.fewokraft.de\/index.php?rest_route=\/wp\/v2\/pages\/16\/revisions\/30"}],"wp:attachment":[{"href":"https:\/\/www.fewokraft.de\/index.php?rest_route=%2Fwp%2Fv2%2Fmedia&parent=16"}],"curies":[{"name":"wp","href":"https:\/\/api.w.org\/{rel}","templated":true}]}}